{"id":18,"date":"2021-09-27T16:29:32","date_gmt":"2021-09-27T14:29:32","guid":{"rendered":"https:\/\/effet-papillon-financement.com\/?page_id=18"},"modified":"2021-10-04T14:27:51","modified_gmt":"2021-10-04T18:27:51","slug":"accueil","status":"publish","type":"page","link":"https:\/\/effet-papillon-financement.com\/en_ca\/","title":{"rendered":"Effet Papillon Financement | Mortgage Broker"},"content":{"rendered":"<h3 class=\"wp-block-heading\"><span class=\"has-inline-color has-cyan-bluish-gray-color\">Bring your real estate ambitions to flight<\/span><\/h3>\n\n\n\n<hr class=\"wp-block-separator\"\/>\n\n\n\n<h2 class=\"wp-block-heading\">Make an impact on our communities with your real estate projects<\/h2>\n\n\n\n<p>You want to finance the purchase, construction, renovation, conversion or other areas where life is good. Living spaces where we live, meet and exist with our different needs. An apartment from which we can look out with the feeling of having a home, a place of our own.<\/p>\n\n\n\n<p>A beneficial feeling that we want to communicate and share. With those around us. With our neighbourhood. With our community. A butterfly effect that, over time, will colour neighbourhoods, cities, countries and a world where we feel harmony and security.<\/p>\n\n\n\n<p>At Effet Papillon Financement, we are here to support you. To find you, using our expertise in commercial mortgage brokerage, the financial support you need to go from idea to reality.<\/p>\n\n\n\n<div class=\"wp-block-buttons alignfull is-content-justification-center is-layout-flex wp-block-buttons-is-layout-flex\">\n<div class=\"wp-block-button\"><a class=\"wp-block-button__link\" href=\"https:\/\/effet-papillon-financement.com\/en_ca\/a-propos\/\"><strong>Collaborate with us<\/strong><\/a><\/div>\n<\/div>\n\n\n\n<hr class=\"wp-block-separator\"\/>\n\n\n\n<h2 class=\"wp-block-heading\">Finance living spaces today<\/h2>\n\n\n\n<p>If you have a major real estate project for our community, Effet Papillon Financement wants to work with you. Whether you want a second opinion, financing to buy, build, invest, renovate, convert or other. We help you find a mortgage financing structure adapted to your ambition and we will support you in the different stages of your project and beyond. And we will be there for as long as you need our advice.<\/p>\n\n\n\n<div class=\"wp-block-buttons alignfull is-content-justification-center is-layout-flex wp-block-buttons-is-layout-flex\">\n<div class=\"wp-block-button\"><a class=\"wp-block-button__link\" href=\"https:\/\/effet-papillon-financement.com\/en_ca\/obtenir-financement-et-accompagnement\/\"><strong>Obtain funding and support<\/strong><\/a><\/div>\n<\/div>\n\n\n\n<hr class=\"wp-block-separator\"\/>\n\n\n\n<h2 class=\"wp-block-heading\">Do you want to make your real estate project a reality? Contact us!<\/h2>\n\n\n\n<p>If you have any questions or if you have a real estate project in mind, write to us to discuss it. Semi-commercial building, housing coop, residence for the elderly, multi-unit housing\u2026 Together, we can see how to achieve your ambition and finance pleasant and accessible living spaces for the different people in our community.<\/p>\n\n\n\n<p>Write to us via our contact form.<\/p>\n\n\n<noscript class=\"ninja-forms-noscript-message\">\n\tNotice: JavaScript is required for this content.<\/noscript>\n<div id=\"nf-form-2-cont\" class=\"nf-form-cont\" aria-live=\"polite\" aria-labelledby=\"nf-form-title-2\" aria-describedby=\"nf-form-errors-2\" role=\"form\">\n\n    <div class=\"nf-loading-spinner\"><\/div>\n\n<\/div>\n        <!-- That data is being printed as a workaround to page builders reordering the order of the scripts loaded-->\n        <script>var formDisplay=1;var nfForms=nfForms||[];var form=[];form.id='2';form.settings={\"objectType\":\"Form Setting\",\"editActive\":true,\"title\":\"Contact Me Francais\",\"created_at\":\"2016-08-24 16:39:20\",\"form_title\":\"Contact Me\",\"default_label_pos\":\"above\",\"show_title\":\"0\",\"clear_complete\":\"1\",\"hide_complete\":\"1\",\"logged_in\":\"0\",\"error_msg_styles_advanced\":\"\",\"error_msg_styles_show_advanced_css\":\"0\",\"error_msg_styles_display\":\"\",\"error_msg_styles_padding\":\"\",\"error_msg_styles_margin\":\"\",\"error_msg_styles_font-size\":\"\",\"error_msg_styles_width\":\"\",\"error_msg_styles_height\":\"\",\"error_msg_styles_color\":\"\",\"error_msg_styles_border-color\":\"\",\"error_msg_styles_border-style\":\"\",\"error_msg_styles_border\":\"\",\"error_msg_styles_background-color\":\"\",\"success-msg_styles_advanced\":\"\",\"success-msg_styles_show_advanced_css\":\"0\",\"success-msg_styles_display\":\"\",\"success-msg_styles_padding\":\"\",\"success-msg_styles_margin\":\"\",\"success-msg_styles_font-size\":\"\",\"success-msg_styles_width\":\"\",\"success-msg_styles_height\":\"\",\"success-msg_styles_color\":\"\",\"success-msg_styles_border-color\":\"\",\"success-msg_styles_border-style\":\"\",\"success-msg_styles_border\":\"\",\"success-msg_styles_background-color\":\"\",\"row-odd_styles_advanced\":\"\",\"row-odd_styles_show_advanced_css\":\"0\",\"row-odd_styles_display\":\"\",\"row-odd_styles_padding\":\"\",\"row-odd_styles_margin\":\"\",\"row-odd_styles_font-size\":\"\",\"row-odd_styles_width\":\"\",\"row-odd_styles_height\":\"\",\"row-odd_styles_color\":\"\",\"row-odd_styles_border-color\":\"\",\"row-odd_styles_border-style\":\"\",\"row-odd_styles_border\":\"\",\"row-odd_styles_background-color\":\"\",\"row_styles_advanced\":\"\",\"row_styles_show_advanced_css\":\"0\",\"row_styles_display\":\"\",\"row_styles_padding\":\"\",\"row_styles_margin\":\"\",\"row_styles_font-size\":\"\",\"row_styles_width\":\"\",\"row_styles_height\":\"\",\"row_styles_color\":\"\",\"row_styles_border-color\":\"\",\"row_styles_border-style\":\"\",\"row_styles_border\":\"\",\"row_styles_background-color\":\"\",\"title_styles_advanced\":\"\",\"title_styles_show_advanced_css\":\"0\",\"title_styles_float\":\"\",\"container_styles_float\":\"\",\"container_styles_show_advanced_css\":\"0\",\"container_styles_advanced\":\"\",\"title_styles_background-color\":\"\",\"title_styles_border\":\"\",\"title_styles_border-style\":\"\",\"title_styles_border-color\":\"\",\"title_styles_color\":\"\",\"title_styles_height\":\"\",\"title_styles_width\":\"\",\"title_styles_font-size\":\"\",\"title_styles_margin\":\"\",\"title_styles_padding\":\"\",\"title_styles_display\":\"\",\"container_styles_display\":\"\",\"container_styles_padding\":\"\",\"container_styles_margin\":\"\",\"container_styles_font-size\":\"\",\"container_styles_width\":\"\",\"container_styles_height\":\"\",\"container_styles_color\":\"\",\"container_styles_border-color\":\"\",\"container_styles_border-style\":\"\",\"container_styles_border\":\"\",\"container_styles_background-color\":\"\",\"formContentData\":[\"votre_nom_complet_requis_1633202114441\",\"votre_courriel_requis_1633202163734\",\"sujet_1633202306275\",\"message_ou_commentaire_requis_1633202191355\",\"recaptcha_1633207486574\",\"envoyer_1633202209823\"],\"calculations\":[],\"sub_limit_msg\":\"\",\"sub_limit_number\":\"\",\"not_logged_in_msg\":\"\",\"add_submit\":\"1\",\"element_class\":\"\",\"wrapper_class\":\"\",\"key\":\"\",\"conditions\":[],\"currency\":\"\",\"repeatable_fieldsets\":\"\",\"unique_field_error\":\"A form with this value has already been submitted.\",\"changeEmailErrorMsg\":\"SVP entrez une adresse courriel valide!\",\"changeDateErrorMsg\":\"Please enter a valid date!\",\"confirmFieldErrorMsg\":\"These fields must match!\",\"fieldNumberNumMinError\":\"Number Min Error\",\"fieldNumberNumMaxError\":\"Number Max Error\",\"fieldNumberIncrementBy\":\"Please increment by \",\"formErrorsCorrectErrors\":\"SVP corrigez les erreurs afin de soumettre le formulaire.\",\"validateRequiredField\":\"Ce champ est requis.\",\"honeypotHoneypotError\":\"Honeypot Error\",\"fieldsMarkedRequired\":\" \",\"drawerDisabled\":false,\"allow_public_link\":0,\"embed_form\":\"\",\"ninjaForms\":\"Ninja Forms\",\"fieldTextareaRTEInsertLink\":\"Insert Link\",\"fieldTextareaRTEInsertMedia\":\"Insert Media\",\"fieldTextareaRTESelectAFile\":\"Select a file\",\"formHoneypot\":\"If you are a human seeing this field, please leave it empty.\",\"fileUploadOldCodeFileUploadInProgress\":\"File Upload in Progress.\",\"fileUploadOldCodeFileUpload\":\"FILE UPLOAD\",\"currencySymbol\":\"&#36;\",\"thousands_sep\":\",\",\"decimal_point\":\".\",\"siteLocale\":\"en_CA\",\"dateFormat\":\"m\\\/d\\\/Y\",\"startOfWeek\":\"1\",\"of\":\"of\",\"previousMonth\":\"Previous Month\",\"nextMonth\":\"Next Month\",\"months\":[\"January\",\"February\",\"March\",\"April\",\"May\",\"June\",\"July\",\"August\",\"September\",\"October\",\"November\",\"December\"],\"monthsShort\":[\"Jan\",\"Feb\",\"Mar\",\"Apr\",\"May\",\"Jun\",\"Jul\",\"Aug\",\"Sep\",\"Oct\",\"Nov\",\"Dec\"],\"weekdays\":[\"Sunday\",\"Monday\",\"Tuesday\",\"Wednesday\",\"Thursday\",\"Friday\",\"Saturday\"],\"weekdaysShort\":[\"Sun\",\"Mon\",\"Tue\",\"Wed\",\"Thu\",\"Fri\",\"Sat\"],\"weekdaysMin\":[\"Su\",\"Mo\",\"Tu\",\"We\",\"Th\",\"Fr\",\"Sa\"],\"recaptchaConsentMissing\":\"reCaptcha validation couldn&#039;t load.\",\"recaptchaMissingCookie\":\"reCaptcha v3 validation couldn&#039;t load the cookie needed to submit the form.\",\"recaptchaConsentEvent\":\"Accept reCaptcha cookies before sending the form.\",\"currency_symbol\":\"\",\"beforeForm\":\"\",\"beforeFields\":\"\",\"afterFields\":\"\",\"afterForm\":\"\"};form.fields=[{\"objectType\":\"Field\",\"objectDomain\":\"fields\",\"editActive\":false,\"order\":1,\"idAttribute\":\"id\",\"cellcid\":\"c3277\",\"element_styles_advanced\":\"\",\"element_styles_show_advanced_css\":0,\"element_styles_float\":\"\",\"element_styles_display\":\"\",\"element_styles_padding\":\"\",\"element_styles_margin\":\"\",\"element_styles_font-size\":\"\",\"element_styles_width\":\"\",\"element_styles_height\":\"\",\"element_styles_color\":\"\",\"element_styles_border-color\":\"\",\"element_styles_border-style\":\"\",\"element_styles_border\":\"\",\"element_styles_background-color\":\"\",\"label_styles_advanced\":\"\",\"label_styles_show_advanced_css\":0,\"label_styles_float\":\"\",\"label_styles_display\":\"\",\"label_styles_padding\":\"\",\"label_styles_margin\":\"\",\"label_styles_font-size\":\"\",\"label_styles_width\":\"\",\"label_styles_height\":\"\",\"label_styles_color\":\"\",\"label_styles_border-color\":\"\",\"label_styles_border-style\":\"\",\"label_styles_border\":\"\",\"label_styles_background-color\":\"\",\"wrap_styles_advanced\":\"\",\"wrap_styles_show_advanced_css\":0,\"wrap_styles_float\":\"\",\"wrap_styles_display\":\"\",\"wrap_styles_padding\":\"\",\"wrap_styles_margin\":\"\",\"wrap_styles_font-size\":\"\",\"wrap_styles_width\":\"\",\"wrap_styles_height\":\"\",\"wrap_styles_color\":\"\",\"wrap_styles_border-color\":\"\",\"wrap_styles_border-style\":\"\",\"wrap_styles_border\":\"\",\"wrap_styles_background-color\":\"\",\"custom_mask\":\"\",\"mask\":\"\",\"disable_browser_autocomplete\":\"\",\"desc_text\":\"\",\"help_text\":\"\",\"admin_label\":\"\",\"disable_input\":\"\",\"manual_key\":\"\",\"input_limit_msg\":\"Character(s) left\",\"input_limit_type\":\"characters\",\"input_limit\":\"\",\"container_class\":\"\",\"element_class\":\"\",\"default\":\"\",\"wrapper_class\":\"\",\"placeholder\":\"\",\"required\":1,\"label_pos\":\"above\",\"created_at\":\"2016-08-24 16:39:20\",\"type\":\"textbox\",\"key\":\"votre_nom_complet_requis_1633202114441\",\"label\":\"Votre nom complet (requis)\",\"field_label\":\"Votre nom complet (requis)\",\"field_key\":\"votre_nom_complet_requis_1633202114441\",\"custom_name_attribute\":\"\",\"personally_identifiable\":\"\",\"value\":\"\",\"id\":5,\"beforeField\":\"\",\"afterField\":\"\",\"parentType\":\"textbox\",\"element_templates\":[\"textbox\",\"input\"],\"old_classname\":\"\",\"wrap_template\":\"wrap\"},{\"objectType\":\"Field\",\"objectDomain\":\"fields\",\"editActive\":false,\"order\":2,\"idAttribute\":\"id\",\"cellcid\":\"c3281\",\"element_styles_advanced\":\"\",\"element_styles_show_advanced_css\":0,\"element_styles_float\":\"\",\"element_styles_display\":\"\",\"element_styles_margin\":\"\",\"element_styles_padding\":\"\",\"element_styles_font-size\":\"\",\"element_styles_width\":\"\",\"element_styles_height\":\"\",\"element_styles_color\":\"\",\"element_styles_border-color\":\"\",\"element_styles_border-style\":\"\",\"element_styles_border\":\"\",\"element_styles_background-color\":\"\",\"label_styles_advanced\":\"\",\"label_styles_show_advanced_css\":0,\"label_styles_display\":\"\",\"label_styles_float\":\"\",\"label_styles_padding\":\"\",\"label_styles_font-size\":\"\",\"label_styles_margin\":\"\",\"label_styles_width\":\"\",\"label_styles_height\":\"\",\"label_styles_color\":\"\",\"label_styles_border-color\":\"\",\"label_styles_border-style\":\"\",\"label_styles_border\":\"\",\"label_styles_background-color\":\"\",\"wrap_styles_advanced\":\"\",\"wrap_styles_show_advanced_css\":0,\"wrap_styles_float\":\"\",\"wrap_styles_display\":\"\",\"wrap_styles_padding\":\"\",\"wrap_styles_margin\":\"\",\"wrap_styles_font-size\":\"\",\"wrap_styles_width\":\"\",\"wrap_styles_height\":\"\",\"wrap_styles_color\":\"\",\"wrap_styles_border-color\":\"\",\"wrap_styles_border-style\":\"\",\"wrap_styles_border\":\"\",\"wrap_styles_background-color\":\"\",\"desc_text\":\"\",\"help_text\":\"\",\"admin_label\":\"\",\"container_class\":\"\",\"element_class\":\"\",\"wrapper_class\":\"\",\"default\":\"\",\"placeholder\":\"\",\"required\":1,\"label_pos\":\"above\",\"created_at\":\"2016-08-24 16:39:20\",\"type\":\"email\",\"key\":\"votre_courriel_requis_1633202163734\",\"label\":\"Votre courriel (requis)\",\"field_label\":\"Votre courriel (requis)\",\"field_key\":\"votre_courriel_requis_1633202163734\",\"custom_name_attribute\":\"email\",\"personally_identifiable\":1,\"value\":\"\",\"drawerDisabled\":\"\",\"id\":6,\"beforeField\":\"\",\"afterField\":\"\",\"parentType\":\"email\",\"element_templates\":[\"email\",\"input\"],\"old_classname\":\"\",\"wrap_template\":\"wrap\"},{\"objectType\":\"Field\",\"objectDomain\":\"fields\",\"editActive\":false,\"order\":3,\"idAttribute\":\"id\",\"label\":\"Sujet\",\"type\":\"firstname\",\"key\":\"sujet_1633202306275\",\"label_pos\":\"above\",\"required\":\"\",\"default\":\"\",\"placeholder\":\"\",\"container_class\":\"\",\"element_class\":\"\",\"admin_label\":\"\",\"help_text\":\"\",\"custom_name_attribute\":\"fname\",\"personally_identifiable\":1,\"value\":\"\",\"drawerDisabled\":\"\",\"field_label\":\"Sujet\",\"field_key\":\"sujet_1633202306275\",\"id\":7,\"beforeField\":\"\",\"afterField\":\"\",\"parentType\":\"firstname\",\"element_templates\":[\"firstname\",\"input\"],\"old_classname\":\"\",\"wrap_template\":\"wrap\"},{\"objectType\":\"Field\",\"objectDomain\":\"fields\",\"editActive\":false,\"order\":4,\"idAttribute\":\"id\",\"cellcid\":\"c3284\",\"element_styles_advanced\":\"\",\"element_styles_show_advanced_css\":0,\"element_styles_float\":\"\",\"element_styles_display\":\"\",\"element_styles_padding\":\"\",\"element_styles_margin\":\"\",\"element_styles_font-size\":\"\",\"element_styles_width\":\"\",\"element_styles_height\":\"\",\"element_styles_color\":\"\",\"element_styles_border-color\":\"\",\"element_styles_border-style\":\"\",\"element_styles_border\":\"\",\"element_styles_background-color\":\"\",\"label_styles_advanced\":\"\",\"label_styles_show_advanced_css\":0,\"label_styles_float\":\"\",\"label_styles_display\":\"\",\"label_styles_padding\":\"\",\"label_styles_margin\":\"\",\"label_styles_font-size\":\"\",\"label_styles_width\":\"\",\"label_styles_height\":\"\",\"label_styles_color\":\"\",\"label_styles_border-color\":\"\",\"label_styles_border-style\":\"\",\"label_styles_border\":\"\",\"label_styles_background-color\":\"\",\"wrap_styles_advanced\":\"\",\"wrap_styles_show_advanced_css\":0,\"wrap_styles_float\":\"\",\"wrap_styles_display\":\"\",\"wrap_styles_padding\":\"\",\"wrap_styles_margin\":\"\",\"wrap_styles_height\":\"\",\"wrap_styles_color\":\"\",\"wrap_styles_border-color\":\"\",\"wrap_styles_border-style\":\"\",\"wrap_styles_border\":\"\",\"wrap_styles_background-color\":\"\",\"textarea_media\":\"\",\"disable_rte_mobile\":\"\",\"textarea_rte\":\"\",\"disable_browser_autocomplete\":\"\",\"desc_text\":\"\",\"help_text\":\"\",\"admin_label\":\"\",\"disable_input\":\"\",\"manual_key\":\"\",\"input_limit_msg\":\"Character(s) left\",\"input_limit_type\":\"characters\",\"input_limit\":\"\",\"container_class\":\"\",\"element_class\":\"\",\"wrapper_class\":\"\",\"default\":\"\",\"placeholder\":\"\",\"required\":1,\"label_pos\":\"above\",\"created_at\":\"2016-08-24 16:39:20\",\"type\":\"textarea\",\"key\":\"message_ou_commentaire_requis_1633202191355\",\"label\":\"Message ou commentaire (requis)\",\"wrap_styles_font-size\":\"\",\"wrap_styles_width\":\"\",\"field_label\":\"Message ou commentaire (requis)\",\"field_key\":\"message_ou_commentaire_requis_1633202191355\",\"value\":\"\",\"drawerDisabled\":\"\",\"id\":8,\"beforeField\":\"\",\"afterField\":\"\",\"parentType\":\"textarea\",\"element_templates\":[\"textarea\",\"input\"],\"old_classname\":\"\",\"wrap_template\":\"wrap\"},{\"objectType\":\"Field\",\"objectDomain\":\"fields\",\"editActive\":false,\"order\":5,\"idAttribute\":\"id\",\"label\":\"Recaptcha\",\"type\":\"recaptcha\",\"container_class\":\"\",\"element_class\":\"\",\"size\":\"visible\",\"key\":\"recaptcha_1633207486574\",\"drawerDisabled\":\"\",\"field_label\":\"Recaptcha\",\"field_key\":\"recaptcha_1633207486574\",\"id\":9,\"beforeField\":\"\",\"afterField\":\"\",\"value\":\"\",\"label_pos\":\"above\",\"parentType\":\"textbox\",\"element_templates\":[\"recaptcha\",\"input\"],\"old_classname\":\"\",\"wrap_template\":\"wrap\",\"site_key\":\"6LcHaqscAAAAABk6vqZhDu5d5FjyuiYCNCmWLnvK\",\"theme\":\"light\",\"lang\":\"fr-CA\"},{\"objectType\":\"Field\",\"objectDomain\":\"fields\",\"editActive\":false,\"order\":6,\"idAttribute\":\"id\",\"cellcid\":\"c3287\",\"submit_element_hover_styles_advanced\":\"\",\"submit_element_hover_styles_show_advanced_css\":0,\"submit_element_hover_styles_float\":\"\",\"submit_element_hover_styles_display\":\"\",\"submit_element_hover_styles_padding\":\"\",\"submit_element_hover_styles_margin\":\"\",\"submit_element_hover_styles_font-size\":\"\",\"submit_element_hover_styles_width\":\"\",\"submit_element_hover_styles_height\":\"\",\"submit_element_hover_styles_color\":\"\",\"submit_element_hover_styles_border-color\":\"\",\"submit_element_hover_styles_border-style\":\"\",\"submit_element_hover_styles_border\":\"\",\"submit_element_hover_styles_background-color\":\"\",\"element_styles_advanced\":\"\",\"element_styles_show_advanced_css\":0,\"element_styles_float\":\"\",\"element_styles_display\":\"\",\"element_styles_padding\":\"\",\"element_styles_margin\":\"\",\"element_styles_font-size\":\"\",\"element_styles_width\":\"\",\"element_styles_height\":\"\",\"element_styles_color\":\"\",\"element_styles_border-color\":\"\",\"element_styles_border-style\":\"\",\"element_styles_border\":\"\",\"element_styles_background-color\":\"\",\"label_styles_advanced\":\"\",\"label_styles_show_advanced_css\":0,\"label_styles_float\":\"\",\"label_styles_display\":\"\",\"label_styles_padding\":\"\",\"label_styles_margin\":\"\",\"label_styles_font-size\":\"\",\"label_styles_width\":\"\",\"label_styles_height\":\"\",\"label_styles_color\":\"\",\"label_styles_border-color\":\"\",\"label_styles_border-style\":\"\",\"label_styles_border\":\"\",\"label_styles_background-color\":\"\",\"wrap_styles_advanced\":\"\",\"wrap_styles_show_advanced_css\":0,\"wrap_styles_float\":\"\",\"wrap_styles_display\":\"\",\"wrap_styles_padding\":\"\",\"wrap_styles_margin\":\"\",\"wrap_styles_font-size\":\"\",\"wrap_styles_width\":\"\",\"wrap_styles_height\":\"\",\"wrap_styles_color\":\"\",\"wrap_styles_border-color\":\"\",\"wrap_styles_border-style\":\"\",\"wrap_styles_border\":\"\",\"element_class\":\"\",\"container_class\":\"\",\"processing_label\":\"Processing\",\"created_at\":\"2016-08-24 16:39:20\",\"type\":\"submit\",\"key\":\"envoyer_1633202209823\",\"label\":\"Envoyer\",\"wrap_styles_background-color\":\"\",\"field_label\":\"Envoyer\",\"field_key\":\"envoyer_1633202209823\",\"id\":10,\"beforeField\":\"\",\"afterField\":\"\",\"value\":\"\",\"label_pos\":\"above\",\"parentType\":\"textbox\",\"element_templates\":[\"submit\",\"button\",\"input\"],\"old_classname\":\"\",\"wrap_template\":\"wrap-no-label\"}];nfForms.push(form);<\/script>","protected":false},"excerpt":{"rendered":"<p>Amenez vos ambitions immobili\u00e8res \u00e0 prendre leur envol Ayez un effet sur nos communaut\u00e9s avec vos projets immobiliers Vous voulez financer l\u2019achat, la construction, la r\u00e9novation, la conversion ou d&rsquo;autres endroits o\u00f9 il fait bon vivre. Des espaces de vie o\u00f9 nous habitons, nous rencontrons et existons tous et toutes avec nos diff\u00e9rents besoins. Un &#8230; <a title=\"Effet Papillon Financement | Mortgage Broker\" class=\"read-more\" href=\"https:\/\/effet-papillon-financement.com\/en_ca\/\" aria-label=\"More on Effet Papillon Financement | courtage hypoth\u00e9caire\">Read more<\/a><\/p>","protected":false},"author":2,"featured_media":0,"parent":0,"menu_order":0,"comment_status":"closed","ping_status":"closed","template":"","meta":{"footnotes":""},"class_list":["post-18","page","type-page","status-publish"],"_links":{"self":[{"href":"https:\/\/effet-papillon-financement.com\/en_ca\/wp-json\/wp\/v2\/pages\/18","targetHints":{"allow":["GET"]}}],"collection":[{"href":"https:\/\/effet-papillon-financement.com\/en_ca\/wp-json\/wp\/v2\/pages"}],"about":[{"href":"https:\/\/effet-papillon-financement.com\/en_ca\/wp-json\/wp\/v2\/types\/page"}],"author":[{"embeddable":true,"href":"https:\/\/effet-papillon-financement.com\/en_ca\/wp-json\/wp\/v2\/users\/2"}],"replies":[{"embeddable":true,"href":"https:\/\/effet-papillon-financement.com\/en_ca\/wp-json\/wp\/v2\/comments?post=18"}],"version-history":[{"count":11,"href":"https:\/\/effet-papillon-financement.com\/en_ca\/wp-json\/wp\/v2\/pages\/18\/revisions"}],"predecessor-version":[{"id":122,"href":"https:\/\/effet-papillon-financement.com\/en_ca\/wp-json\/wp\/v2\/pages\/18\/revisions\/122"}],"wp:attachment":[{"href":"https:\/\/effet-papillon-financement.com\/en_ca\/wp-json\/wp\/v2\/media?parent=18"}],"curies":[{"name":"wp","href":"https:\/\/api.w.org\/{rel}","templated":true}]}}