{"id":19,"date":"2021-09-27T16:29:32","date_gmt":"2021-09-27T20:29:32","guid":{"rendered":"https:\/\/effet-papillon-financement.com\/?page_id=19"},"modified":"2025-02-11T13:14:12","modified_gmt":"2025-02-11T18:14:12","slug":"a-propos","status":"publish","type":"page","link":"https:\/\/effet-papillon-financement.com\/en_ca\/a-propos\/","title":{"rendered":"Collaborate with Effet Papillon Financement"},"content":{"rendered":"<h3 class=\"wp-block-heading\"><mark style=\"background-color:rgba(0, 0, 0, 0)\" class=\"has-inline-color has-cyan-bluish-gray-color\">Develop a smooth, financial, personal and long lasting relationship at the base of your real estate projects<\/mark><\/h3>\n\n\n\n<hr class=\"wp-block-separator has-css-opacity is-style-wide\"\/>\n\n\n\n<p>Choosing to work with our team means opening the door to a long-term business relationship. A relationship where listening, simplicity and kindness serve to build lasting bonds. With us, your real estate ambitions can materialize and take off.<\/p>\n\n\n\n<hr class=\"wp-block-separator has-css-opacity\"\/>\n\n\n\n<h2 class=\"wp-block-heading\">Ambitions that unite us<\/h2>\n\n\n\n<p>At Effet Papillon Financement, our goal is to support real estate projects that aim to provide a roof for everyone. From a human perspective where inclusion, well-being and the environment have a big role.<\/p>\n\n\n\n<p>If you have the same ambitions with your real estate project, come meet us. We have every interest in collaborating and joining forces.<\/p>\n\n\n\n<h2 class=\"wp-block-heading\">An experienced team that supports and advises you<\/h2>\n\n\n\n<p><\/p>\n\n\n\n<div class=\"wp-block-media-text is-stacked-on-mobile\"><figure class=\"wp-block-media-text__media\"><img loading=\"lazy\" decoding=\"async\" width=\"1024\" height=\"576\" src=\"https:\/\/effet-papillon-financement.com\/wp-content\/uploads\/2025\/01\/AMI_1661-2-1024x576.jpg\" alt=\"\" class=\"wp-image-179 size-full\" srcset=\"https:\/\/effet-papillon-financement.com\/wp-content\/uploads\/2025\/01\/AMI_1661-2-1024x576.jpg 1024w, https:\/\/effet-papillon-financement.com\/wp-content\/uploads\/2025\/01\/AMI_1661-2-300x169.jpg 300w, https:\/\/effet-papillon-financement.com\/wp-content\/uploads\/2025\/01\/AMI_1661-2-768x432.jpg 768w, https:\/\/effet-papillon-financement.com\/wp-content\/uploads\/2025\/01\/AMI_1661-2-1536x864.jpg 1536w, https:\/\/effet-papillon-financement.com\/wp-content\/uploads\/2025\/01\/AMI_1661-2-18x10.jpg 18w, https:\/\/effet-papillon-financement.com\/wp-content\/uploads\/2025\/01\/AMI_1661-2.jpg 1750w\" sizes=\"auto, (max-width: 1024px) 100vw, 1024px\" \/><\/figure><div class=\"wp-block-media-text__content\">\n<p>The Papillon Funding team is growing every day. It is full of experience and useful contacts for your real estate projects and their financing. Meet its members.<\/p>\n<\/div><\/div>\n\n\n\n<h3 class=\"wp-block-heading\"><a><\/a>St\u00e9phanie Kowalew<\/h3>\n\n\n\n<div class=\"wp-block-media-text has-media-on-the-right is-stacked-on-mobile\" style=\"grid-template-columns:auto 29%\"><div class=\"wp-block-media-text__content\">\n<p>Very far from being a materialist, I am a woman full of contradictions in the face of my profession and the space I want to occupy. I am curious and creative. I like to travel, to discover different parts of the world. Intuitive, I learn to rely on the great people around me.<\/p>\n\n\n\n<p>Full of ideas and always eager to find a solution , I see no limits. Gained a strong passion for real estate from a young age, I did not understand how someone could buy Place Ville Marie or the Sun Life building. How do we get there in life?<\/p>\n\n\n\n<p>It was during my first real estate internship at age 20 in a commercial mortgage brokerage firm that I discovered it. That I understood the power and importance of leverage in real estate.<\/p>\n\n\n\n<p>Now I'm using that power to fulfill your real estate ambitions.<\/p>\n\n\n\n<p>Looking forward to meeting you, discussing your projects and above all collaborating.<\/p>\n<\/div><figure class=\"wp-block-media-text__media\"><img loading=\"lazy\" decoding=\"async\" width=\"1024\" height=\"1024\" src=\"https:\/\/effet-papillon-financement.com\/wp-content\/uploads\/2025\/01\/AMI_1316-1024x1024.jpg\" alt=\"\" class=\"wp-image-174 size-full\" srcset=\"https:\/\/effet-papillon-financement.com\/wp-content\/uploads\/2025\/01\/AMI_1316-1024x1024.jpg 1024w, https:\/\/effet-papillon-financement.com\/wp-content\/uploads\/2025\/01\/AMI_1316-300x300.jpg 300w, https:\/\/effet-papillon-financement.com\/wp-content\/uploads\/2025\/01\/AMI_1316-150x150.jpg 150w, https:\/\/effet-papillon-financement.com\/wp-content\/uploads\/2025\/01\/AMI_1316-768x768.jpg 768w, https:\/\/effet-papillon-financement.com\/wp-content\/uploads\/2025\/01\/AMI_1316-1536x1536.jpg 1536w, https:\/\/effet-papillon-financement.com\/wp-content\/uploads\/2025\/01\/AMI_1316-12x12.jpg 12w, https:\/\/effet-papillon-financement.com\/wp-content\/uploads\/2025\/01\/AMI_1316.jpg 1750w\" sizes=\"auto, (max-width: 1024px) 100vw, 1024px\" \/><\/figure><\/div>\n\n\n\n<h3 class=\"wp-block-heading\"><a><\/a>Brigitte Carr\u00e9<\/h3>\n\n\n\n<div class=\"wp-block-media-text has-media-on-the-right is-stacked-on-mobile is-vertically-aligned-center\" style=\"grid-template-columns:auto 29%\"><div class=\"wp-block-media-text__content\">\n<p>I have worked for nearly 35 years with young teenagers in difficulty and their families. I have more specifically accompanied young people in social reintegration into their families and towards autonomy during the last 12 years of my career.<\/p>\n\n\n\n<p>This experience allowed me to know all the possible types of housing: community, social, housing cooperatives, etc.<\/p>\n\n\n\n<p>Our young people, who had to live independently when they turned 18, had very little financial means, so all types of affordable housing became necessary for them.<\/p>\n\n\n\n<p>Mon expertise comme intervenante m\u2019am\u00e8ne maintenant \u00e0 supporter St\u00e9phanie, ses collaborateurs et collaboratrices ainsi que sa client\u00e8le dans leurs diff\u00e9rents besoins.<\/p>\n\n\n\n<p>Affordable housing is not easy to find, in my experience, you have to search a lot. These apartments may be accessible, but often they are unsanitary. The mission of Effet Papillon Financement is therefore important to me.<\/p>\n<\/div><figure class=\"wp-block-media-text__media\"><img loading=\"lazy\" decoding=\"async\" width=\"1024\" height=\"1024\" src=\"https:\/\/effet-papillon-financement.com\/wp-content\/uploads\/2025\/01\/AMI_1294-Edit-1024x1024.jpg\" alt=\"\" class=\"wp-image-175 size-full\" srcset=\"https:\/\/effet-papillon-financement.com\/wp-content\/uploads\/2025\/01\/AMI_1294-Edit-1024x1024.jpg 1024w, https:\/\/effet-papillon-financement.com\/wp-content\/uploads\/2025\/01\/AMI_1294-Edit-300x300.jpg 300w, https:\/\/effet-papillon-financement.com\/wp-content\/uploads\/2025\/01\/AMI_1294-Edit-150x150.jpg 150w, https:\/\/effet-papillon-financement.com\/wp-content\/uploads\/2025\/01\/AMI_1294-Edit-768x768.jpg 768w, https:\/\/effet-papillon-financement.com\/wp-content\/uploads\/2025\/01\/AMI_1294-Edit-1536x1536.jpg 1536w, https:\/\/effet-papillon-financement.com\/wp-content\/uploads\/2025\/01\/AMI_1294-Edit-12x12.jpg 12w, https:\/\/effet-papillon-financement.com\/wp-content\/uploads\/2025\/01\/AMI_1294-Edit.jpg 1750w\" sizes=\"auto, (max-width: 1024px) 100vw, 1024px\" \/><\/figure><\/div>\n\n\n\n<h2 class=\"wp-block-heading\">Laryssa Kowalew<\/h2>\n\n\n\n<div class=\"wp-block-media-text has-media-on-the-right is-stacked-on-mobile\" style=\"grid-template-columns:auto 29%\"><div class=\"wp-block-media-text__content\">\n<p>I joined the team as a data entry clerk, a position where my rigor and organizational skills are valuable assets.<\/p>\n\n\n\n<p>My university studies in social science, which I am pursuing alongside my work, allow me to develop my critical thinking skills, my understanding of human interactions, and my ability to communicate effectively.<\/p>\n\n\n\n<p>In addition, my experience in customer service has taught me to manage priorities, to deal with unexpected situations with calmness and efficiency, and to adapt to various situations.<\/p>\n<\/div><figure class=\"wp-block-media-text__media\"><img loading=\"lazy\" decoding=\"async\" width=\"1024\" height=\"1024\" src=\"https:\/\/effet-papillon-financement.com\/wp-content\/uploads\/2025\/02\/AMI_1535-3-1024x1024.jpg\" alt=\"\" class=\"wp-image-204 size-full\" srcset=\"https:\/\/effet-papillon-financement.com\/wp-content\/uploads\/2025\/02\/AMI_1535-3-1024x1024.jpg 1024w, https:\/\/effet-papillon-financement.com\/wp-content\/uploads\/2025\/02\/AMI_1535-3-300x300.jpg 300w, https:\/\/effet-papillon-financement.com\/wp-content\/uploads\/2025\/02\/AMI_1535-3-150x150.jpg 150w, https:\/\/effet-papillon-financement.com\/wp-content\/uploads\/2025\/02\/AMI_1535-3-768x768.jpg 768w, https:\/\/effet-papillon-financement.com\/wp-content\/uploads\/2025\/02\/AMI_1535-3-1536x1536.jpg 1536w, https:\/\/effet-papillon-financement.com\/wp-content\/uploads\/2025\/02\/AMI_1535-3-12x12.jpg 12w, https:\/\/effet-papillon-financement.com\/wp-content\/uploads\/2025\/02\/AMI_1535-3.jpg 1750w\" sizes=\"auto, (max-width: 1024px) 100vw, 1024px\" \/><\/figure><\/div>\n\n\n\n<h2 class=\"wp-block-heading\">Linelande Laurin<\/h2>\n\n\n\n<div class=\"wp-block-media-text has-media-on-the-right is-stacked-on-mobile\" style=\"grid-template-columns:auto 29%\"><div class=\"wp-block-media-text__content\">\n<p>My 10 years in customer service have allowed me to develop expertise in communication and problem-solving, while strengthening essential qualities such as empathy, patience, and active listening to effectively manage sensitive issues.<\/p>\n\n\n\n<p>This experience, coupled with my studies in administration, has honed my analytical and strategic thinking skills, enabling me to make informed decisions and work effectively in a team environment.<\/p>\n\n\n\n<p>I am passionate about sustainable development and believe businesses have a crucial role to play in building a more responsible future. I am eager to contribute to this endeavor.<\/p>\n<\/div><figure class=\"wp-block-media-text__media\"><img loading=\"lazy\" decoding=\"async\" width=\"1024\" height=\"1024\" src=\"https:\/\/effet-papillon-financement.com\/wp-content\/uploads\/2025\/02\/AMI_1422-1024x1024.jpg\" alt=\"\" class=\"wp-image-205 size-full\" srcset=\"https:\/\/effet-papillon-financement.com\/wp-content\/uploads\/2025\/02\/AMI_1422-1024x1024.jpg 1024w, https:\/\/effet-papillon-financement.com\/wp-content\/uploads\/2025\/02\/AMI_1422-300x300.jpg 300w, https:\/\/effet-papillon-financement.com\/wp-content\/uploads\/2025\/02\/AMI_1422-150x150.jpg 150w, https:\/\/effet-papillon-financement.com\/wp-content\/uploads\/2025\/02\/AMI_1422-768x768.jpg 768w, https:\/\/effet-papillon-financement.com\/wp-content\/uploads\/2025\/02\/AMI_1422-1536x1536.jpg 1536w, https:\/\/effet-papillon-financement.com\/wp-content\/uploads\/2025\/02\/AMI_1422-12x12.jpg 12w, https:\/\/effet-papillon-financement.com\/wp-content\/uploads\/2025\/02\/AMI_1422.jpg 1750w\" sizes=\"auto, (max-width: 1024px) 100vw, 1024px\" \/><\/figure><\/div>\n\n\n\n<p class=\"has-text-align-center\">Photos by Janie Lamoureux,&nbsp;<a href=\"mailto:flash.productions5@gmail.com\" target=\"_blank\" rel=\"noreferrer noopener\">flash.<\/a>productions5<a href=\"mailto:flash.productions5@gmail.com\" target=\"_blank\" rel=\"noreferrer noopener\">@gmail.co<\/a>m<\/p>\n\n\n\n<h2 class=\"wp-block-heading\">A network of contacts ready to collaborate<\/h2>\n\n\n\n<p>Our experience in the real estate industry has led us to properly surround ourselves. We have been able, over time and through encounters, to create a network of varied and reliable contacts with different skills and fields of action. Appraisal, mortgage, law, accounting, taxation and so much more. Partners who can, if you have the desire and the need, also collaborate with you on your projects. <\/p>\n\n\n\n<p>Learn more about these partners and their different areas of expertise on our page <a href=\"https:\/\/effet-papillon-financement.com\/en_ca\/rencontrer-le-reseau-effet-papillon-financement\/\" data-type=\"page\" data-id=\"22\">Meet the Butterfly Effect Funding network<\/a>.<\/p>","protected":false},"excerpt":{"rendered":"<p>D\u00e9veloppez une relation financi\u00e8re, simple, humaine et durable \u00e0 la base de vos projets immobiliers Choisir de travailler avec notre \u00e9quipe, c\u2019est ouvrir la porte \u00e0 une relation d\u2019affaires \u00e0 long terme. Une relation o\u00f9 l\u2019\u00e9coute, la simplicit\u00e9 et la bienveillance servent \u00e0 b\u00e2tir des liens durables. Avec nous, vos ambitions immobili\u00e8res peuvent se concr\u00e9tiser &#8230; <a title=\"Collaborate with Effet Papillon Financement\" class=\"read-more\" href=\"https:\/\/effet-papillon-financement.com\/en_ca\/a-propos\/\" aria-label=\"More on Collaborer avec Effet Papillon Financement\">Read more<\/a><\/p>","protected":false},"author":2,"featured_media":0,"parent":0,"menu_order":0,"comment_status":"closed","ping_status":"closed","template":"","meta":{"footnotes":""},"class_list":["post-19","page","type-page","status-publish"],"_links":{"self":[{"href":"https:\/\/effet-papillon-financement.com\/en_ca\/wp-json\/wp\/v2\/pages\/19","targetHints":{"allow":["GET"]}}],"collection":[{"href":"https:\/\/effet-papillon-financement.com\/en_ca\/wp-json\/wp\/v2\/pages"}],"about":[{"href":"https:\/\/effet-papillon-financement.com\/en_ca\/wp-json\/wp\/v2\/types\/page"}],"author":[{"embeddable":true,"href":"https:\/\/effet-papillon-financement.com\/en_ca\/wp-json\/wp\/v2\/users\/2"}],"replies":[{"embeddable":true,"href":"https:\/\/effet-papillon-financement.com\/en_ca\/wp-json\/wp\/v2\/comments?post=19"}],"version-history":[{"count":29,"href":"https:\/\/effet-papillon-financement.com\/en_ca\/wp-json\/wp\/v2\/pages\/19\/revisions"}],"predecessor-version":[{"id":206,"href":"https:\/\/effet-papillon-financement.com\/en_ca\/wp-json\/wp\/v2\/pages\/19\/revisions\/206"}],"wp:attachment":[{"href":"https:\/\/effet-papillon-financement.com\/en_ca\/wp-json\/wp\/v2\/media?parent=19"}],"curies":[{"name":"wp","href":"https:\/\/api.w.org\/{rel}","templated":true}]}}