{"id":21,"date":"2021-09-27T16:29:32","date_gmt":"2021-09-27T14:29:32","guid":{"rendered":"https:\/\/effet-papillon-financement.com\/?page_id=21"},"modified":"2025-09-15T12:39:31","modified_gmt":"2025-09-15T16:39:31","slug":"voir-les-projets-realises","status":"publish","type":"page","link":"https:\/\/effet-papillon-financement.com\/en_ca\/voir-les-projets-realises\/","title":{"rendered":"See completed projects"},"content":{"rendered":"<h3 class=\"wp-block-heading\"><span class=\"has-inline-color has-cyan-bluish-gray-color\">Discover the projects that others have accomplished with Effet Papillon Financement<\/span><\/h3>\n\n\n\n<hr class=\"wp-block-separator\"\/>\n\n\n\n<p>Effect Papillon Financement has, as a commercial mortgage brokerage firm, financed and helped several real estate ambitions to take off. Explore here the portfolio of the different projects we have supported. Maybe yours will be there soon.<\/p>\n\n\n\n<hr class=\"wp-block-separator\"\/>\n\n\n\n<figure class=\"wp-block-gallery columns-0 is-cropped wp-block-gallery-1 is-layout-flex wp-block-gallery-is-layout-flex\"><ul class=\"blocks-gallery-grid\"><\/ul><\/figure>\n\n\n\n<p><\/p>","protected":false},"excerpt":{"rendered":"<p>D\u00e9couvrez les projets que d\u2019autres ont accomplis avec Effet Papillon Financement Effet Papillon Financement a, en tant que cabinet de courtage hypoth\u00e9caire commercial, d\u00e9j\u00e0 financ\u00e9 et aid\u00e9 plusieurs ambitions immobili\u00e8res \u00e0 prendre leur envol. Explorez ici le portfolio des diff\u00e9rents projets qu\u2019on a accompagn\u00e9s. Peut-\u00eatre que le v\u00f4tre s\u2019y retrouvera bient\u00f4t.<\/p>","protected":false},"author":2,"featured_media":0,"parent":0,"menu_order":0,"comment_status":"closed","ping_status":"closed","template":"","meta":{"footnotes":""},"class_list":["post-21","page","type-page","status-publish"],"_links":{"self":[{"href":"https:\/\/effet-papillon-financement.com\/en_ca\/wp-json\/wp\/v2\/pages\/21","targetHints":{"allow":["GET"]}}],"collection":[{"href":"https:\/\/effet-papillon-financement.com\/en_ca\/wp-json\/wp\/v2\/pages"}],"about":[{"href":"https:\/\/effet-papillon-financement.com\/en_ca\/wp-json\/wp\/v2\/types\/page"}],"author":[{"embeddable":true,"href":"https:\/\/effet-papillon-financement.com\/en_ca\/wp-json\/wp\/v2\/users\/2"}],"replies":[{"embeddable":true,"href":"https:\/\/effet-papillon-financement.com\/en_ca\/wp-json\/wp\/v2\/comments?post=21"}],"version-history":[{"count":2,"href":"https:\/\/effet-papillon-financement.com\/en_ca\/wp-json\/wp\/v2\/pages\/21\/revisions"}],"predecessor-version":[{"id":109,"href":"https:\/\/effet-papillon-financement.com\/en_ca\/wp-json\/wp\/v2\/pages\/21\/revisions\/109"}],"wp:attachment":[{"href":"https:\/\/effet-papillon-financement.com\/en_ca\/wp-json\/wp\/v2\/media?parent=21"}],"curies":[{"name":"wp","href":"https:\/\/api.w.org\/{rel}","templated":true}]}}