{"id":22,"date":"2021-09-27T16:29:32","date_gmt":"2021-09-27T14:29:32","guid":{"rendered":"https:\/\/effet-papillon-financement.com\/?page_id=22"},"modified":"2021-10-04T14:34:30","modified_gmt":"2021-10-04T18:34:30","slug":"rencontrer-le-reseau-effet-papillon-financement","status":"publish","type":"page","link":"https:\/\/effet-papillon-financement.com\/en_ca\/rencontrer-le-reseau-effet-papillon-financement\/","title":{"rendered":"Meet the Butterfly Effect Funding network"},"content":{"rendered":"<h3 class=\"wp-block-heading\"><span class=\"has-inline-color has-cyan-bluish-gray-color\">Surround yourself with partners who have diverse expertise<\/span><\/h3>\n\n\n\n<hr class=\"wp-block-separator\"\/>\n\n\n\n<p>When you collaborate with Effet Papillon Financement, you connect to a whole network of partners with different specialties. Financing, evaluation, environment, law, taxation, construction, architecture, insurance, etc. Expertise that you can call on at different stages in your project. Another way for us to help your real estate ambition take off and become a reality.<\/p>\n\n\n\n<hr class=\"wp-block-separator\"\/>\n\n\n\n<h2 class=\"wp-block-heading\">Funding partners<\/h2>\n\n\n\n<p>The organizations that allow us to set up reliable and versatile financing structures for you<\/p>\n\n\n\n<p><\/p>\n\n\n\n<h2 class=\"wp-block-heading\">Partners that meet your needs<\/h2>\n\n\n\n<p>Here is the list of professional services that can be involved in a real estate file and for which we can, if you need it, suggest companies or people you trust:<\/p>\n\n\n\n<ul class=\"wp-block-list\"><li>Real estate appraisal by chartered appraisers<\/li><li>Environmental Site Assessments, Phases I, II and III<\/li><li>Notaries and notary offices<\/li><li>Insurance consulting<\/li><li>Title insurance<\/li><li>Building inspection<\/li><li>Survey<\/li><li>Cost consultation<\/li><li>Geotechnical studies<\/li><li>Taxation<\/li><li>Accounting<\/li><li>Law and law firms<\/li><li>Town planning<\/li><li>Etc.<\/li><\/ul>","protected":false},"excerpt":{"rendered":"<p>Entourez-vous de partenaires aux expertises diverses Lorsque vous collaborez avec Effet Papillon Financement, vous vous connectez \u00e0 tout un r\u00e9seau de partenaires aux diff\u00e9rentes sp\u00e9cialit\u00e9s. Financement, \u00e9valuation, environnement, droit, fiscalit\u00e9, construction, architecture, assurance, etc. Des expertises auxquelles vous pouvez recourir aux diff\u00e9rentes \u00e9tapes de votre projet. Une autre mani\u00e8re pour nous d\u2019aider votre ambition immobili\u00e8re &#8230; <a title=\"Meet the Butterfly Effect Funding network\" class=\"read-more\" href=\"https:\/\/effet-papillon-financement.com\/en_ca\/rencontrer-le-reseau-effet-papillon-financement\/\" aria-label=\"More on Rencontrer le r\u00e9seau Effet Papillon Financement\">Read more<\/a><\/p>","protected":false},"author":2,"featured_media":0,"parent":0,"menu_order":0,"comment_status":"closed","ping_status":"closed","template":"","meta":{"footnotes":""},"class_list":["post-22","page","type-page","status-publish"],"_links":{"self":[{"href":"https:\/\/effet-papillon-financement.com\/en_ca\/wp-json\/wp\/v2\/pages\/22","targetHints":{"allow":["GET"]}}],"collection":[{"href":"https:\/\/effet-papillon-financement.com\/en_ca\/wp-json\/wp\/v2\/pages"}],"about":[{"href":"https:\/\/effet-papillon-financement.com\/en_ca\/wp-json\/wp\/v2\/types\/page"}],"author":[{"embeddable":true,"href":"https:\/\/effet-papillon-financement.com\/en_ca\/wp-json\/wp\/v2\/users\/2"}],"replies":[{"embeddable":true,"href":"https:\/\/effet-papillon-financement.com\/en_ca\/wp-json\/wp\/v2\/comments?post=22"}],"version-history":[{"count":2,"href":"https:\/\/effet-papillon-financement.com\/en_ca\/wp-json\/wp\/v2\/pages\/22\/revisions"}],"predecessor-version":[{"id":111,"href":"https:\/\/effet-papillon-financement.com\/en_ca\/wp-json\/wp\/v2\/pages\/22\/revisions\/111"}],"wp:attachment":[{"href":"https:\/\/effet-papillon-financement.com\/en_ca\/wp-json\/wp\/v2\/media?parent=22"}],"curies":[{"name":"wp","href":"https:\/\/api.w.org\/{rel}","templated":true}]}}