{"id":23,"date":"2021-09-27T16:29:32","date_gmt":"2021-09-27T14:29:32","guid":{"rendered":"https:\/\/effet-papillon-financement.com\/?page_id=23"},"modified":"2024-11-21T14:59:34","modified_gmt":"2024-11-21T19:59:34","slug":"nous-contacter","status":"publish","type":"page","link":"https:\/\/effet-papillon-financement.com\/en_ca\/nous-contacter\/","title":{"rendered":"Contact us"},"content":{"rendered":"<h2 class=\"wp-block-heading\"><span style=\"background-color:rgba(0, 0, 0, 0)\" class=\"has-inline-color has-cyan-bluish-gray-color\">Write to us or call us, we are listening<\/span><\/h2>\n\n\n\n<p>If you have any questions or a major real estate project for which you are looking for financing, the best thing is to contact us. By phone, email or our contact form.<\/p>\n\n\n\n<hr class=\"wp-block-separator has-css-opacity\"\/>\n\n\n\n<h2 class=\"wp-block-heading\">Our office hours<\/h2>\n\n\n\n<p>Monday to Friday 9 a.m. to 5 p.m.<\/p>\n\n\n\n<h2 class=\"wp-block-heading\">Our contact details<\/h2>\n\n\n\n<p>E-mail: <a href=\"mailto:info@effet-papillon-financement.com\">info@effet-papillon-financement.com<\/a><\/p>\n\n\n\n<h2 class=\"wp-block-heading\">Responsable de la protection des renseignements personnels<\/h2>\n\n\n\n<p class=\"has-text-align-left\">Nom: Stephanie Kowalew<\/p>\n\n\n\n<p>Titre: Dirigeante responsable et courti\u00e8re hypoth\u00e9caire<\/p>\n\n\n\n<p>T\u00e9l\u00e9phone: 514-566-7908<\/p>\n\n\n\n<p>E-mail: <a href=\"mailto:stephanie@effet-papillon-financement.com\">stephanie@effet-papillon-financement.com<\/a><\/p>\n\n\n\n<h2 class=\"wp-block-heading\">Our contact form<\/h2>\n\n\n<noscript class=\"ninja-forms-noscript-message\">\n\tNotice: JavaScript is required for this content.<\/noscript>\n<div id=\"nf-form-2-cont\" class=\"nf-form-cont\" aria-live=\"polite\" aria-labelledby=\"nf-form-title-2\" aria-describedby=\"nf-form-errors-2\" role=\"form\">\n\n    <div class=\"nf-loading-spinner\"><\/div>\n\n<\/div>\n        <!-- That data is being printed as a workaround to page builders reordering the order of the scripts loaded-->\n        <script>var formDisplay=1;var nfForms=nfForms||[];var form=[];form.id='2';form.settings={\"objectType\":\"Form Setting\",\"editActive\":true,\"title\":\"Contact Me Francais\",\"created_at\":\"2016-08-24 16:39:20\",\"form_title\":\"Contact Me\",\"default_label_pos\":\"above\",\"show_title\":\"0\",\"clear_complete\":\"1\",\"hide_complete\":\"1\",\"logged_in\":\"0\",\"error_msg_styles_advanced\":\"\",\"error_msg_styles_show_advanced_css\":\"0\",\"error_msg_styles_display\":\"\",\"error_msg_styles_padding\":\"\",\"error_msg_styles_margin\":\"\",\"error_msg_styles_font-size\":\"\",\"error_msg_styles_width\":\"\",\"error_msg_styles_height\":\"\",\"error_msg_styles_color\":\"\",\"error_msg_styles_border-color\":\"\",\"error_msg_styles_border-style\":\"\",\"error_msg_styles_border\":\"\",\"error_msg_styles_background-color\":\"\",\"success-msg_styles_advanced\":\"\",\"success-msg_styles_show_advanced_css\":\"0\",\"success-msg_styles_display\":\"\",\"success-msg_styles_padding\":\"\",\"success-msg_styles_margin\":\"\",\"success-msg_styles_font-size\":\"\",\"success-msg_styles_width\":\"\",\"success-msg_styles_height\":\"\",\"success-msg_styles_color\":\"\",\"success-msg_styles_border-color\":\"\",\"success-msg_styles_border-style\":\"\",\"success-msg_styles_border\":\"\",\"success-msg_styles_background-color\":\"\",\"row-odd_styles_advanced\":\"\",\"row-odd_styles_show_advanced_css\":\"0\",\"row-odd_styles_display\":\"\",\"row-odd_styles_padding\":\"\",\"row-odd_styles_margin\":\"\",\"row-odd_styles_font-size\":\"\",\"row-odd_styles_width\":\"\",\"row-odd_styles_height\":\"\",\"row-odd_styles_color\":\"\",\"row-odd_styles_border-color\":\"\",\"row-odd_styles_border-style\":\"\",\"row-odd_styles_border\":\"\",\"row-odd_styles_background-color\":\"\",\"row_styles_advanced\":\"\",\"row_styles_show_advanced_css\":\"0\",\"row_styles_display\":\"\",\"row_styles_padding\":\"\",\"row_styles_margin\":\"\",\"row_styles_font-size\":\"\",\"row_styles_width\":\"\",\"row_styles_height\":\"\",\"row_styles_color\":\"\",\"row_styles_border-color\":\"\",\"row_styles_border-style\":\"\",\"row_styles_border\":\"\",\"row_styles_background-color\":\"\",\"title_styles_advanced\":\"\",\"title_styles_show_advanced_css\":\"0\",\"title_styles_float\":\"\",\"container_styles_float\":\"\",\"container_styles_show_advanced_css\":\"0\",\"container_styles_advanced\":\"\",\"title_styles_background-color\":\"\",\"title_styles_border\":\"\",\"title_styles_border-style\":\"\",\"title_styles_border-color\":\"\",\"title_styles_color\":\"\",\"title_styles_height\":\"\",\"title_styles_width\":\"\",\"title_styles_font-size\":\"\",\"title_styles_margin\":\"\",\"title_styles_padding\":\"\",\"title_styles_display\":\"\",\"container_styles_display\":\"\",\"container_styles_padding\":\"\",\"container_styles_margin\":\"\",\"container_styles_font-size\":\"\",\"container_styles_width\":\"\",\"container_styles_height\":\"\",\"container_styles_color\":\"\",\"container_styles_border-color\":\"\",\"container_styles_border-style\":\"\",\"container_styles_border\":\"\",\"container_styles_background-color\":\"\",\"formContentData\":[\"votre_nom_complet_requis_1633202114441\",\"votre_courriel_requis_1633202163734\",\"sujet_1633202306275\",\"message_ou_commentaire_requis_1633202191355\",\"recaptcha_1633207486574\",\"envoyer_1633202209823\"],\"calculations\":[],\"sub_limit_msg\":\"\",\"sub_limit_number\":\"\",\"not_logged_in_msg\":\"\",\"add_submit\":\"1\",\"element_class\":\"\",\"wrapper_class\":\"\",\"key\":\"\",\"conditions\":[],\"currency\":\"\",\"repeatable_fieldsets\":\"\",\"unique_field_error\":\"A form with this value has already been submitted.\",\"changeEmailErrorMsg\":\"SVP entrez une adresse courriel valide!\",\"changeDateErrorMsg\":\"Please enter a valid date!\",\"confirmFieldErrorMsg\":\"These fields must match!\",\"fieldNumberNumMinError\":\"Number Min Error\",\"fieldNumberNumMaxError\":\"Number Max Error\",\"fieldNumberIncrementBy\":\"Please increment by \",\"formErrorsCorrectErrors\":\"SVP corrigez les erreurs afin de soumettre le formulaire.\",\"validateRequiredField\":\"Ce champ est requis.\",\"honeypotHoneypotError\":\"Honeypot Error\",\"fieldsMarkedRequired\":\" \",\"drawerDisabled\":false,\"allow_public_link\":0,\"embed_form\":\"\",\"ninjaForms\":\"Ninja Forms\",\"fieldTextareaRTEInsertLink\":\"Insert Link\",\"fieldTextareaRTEInsertMedia\":\"Insert Media\",\"fieldTextareaRTESelectAFile\":\"Select a file\",\"formHoneypot\":\"If you are a human seeing this field, please leave it empty.\",\"fileUploadOldCodeFileUploadInProgress\":\"File Upload in Progress.\",\"fileUploadOldCodeFileUpload\":\"FILE UPLOAD\",\"currencySymbol\":\"&#36;\",\"thousands_sep\":\",\",\"decimal_point\":\".\",\"siteLocale\":\"en_CA\",\"dateFormat\":\"m\\\/d\\\/Y\",\"startOfWeek\":\"1\",\"of\":\"of\",\"previousMonth\":\"Previous Month\",\"nextMonth\":\"Next Month\",\"months\":[\"January\",\"February\",\"March\",\"April\",\"May\",\"June\",\"July\",\"August\",\"September\",\"October\",\"November\",\"December\"],\"monthsShort\":[\"Jan\",\"Feb\",\"Mar\",\"Apr\",\"May\",\"Jun\",\"Jul\",\"Aug\",\"Sep\",\"Oct\",\"Nov\",\"Dec\"],\"weekdays\":[\"Sunday\",\"Monday\",\"Tuesday\",\"Wednesday\",\"Thursday\",\"Friday\",\"Saturday\"],\"weekdaysShort\":[\"Sun\",\"Mon\",\"Tue\",\"Wed\",\"Thu\",\"Fri\",\"Sat\"],\"weekdaysMin\":[\"Su\",\"Mo\",\"Tu\",\"We\",\"Th\",\"Fr\",\"Sa\"],\"recaptchaConsentMissing\":\"reCaptcha validation couldn&#039;t load.\",\"recaptchaMissingCookie\":\"reCaptcha v3 validation couldn&#039;t load the cookie needed to submit the form.\",\"recaptchaConsentEvent\":\"Accept reCaptcha cookies before sending the form.\",\"currency_symbol\":\"\",\"beforeForm\":\"\",\"beforeFields\":\"\",\"afterFields\":\"\",\"afterForm\":\"\"};form.fields=[{\"objectType\":\"Field\",\"objectDomain\":\"fields\",\"editActive\":false,\"order\":1,\"idAttribute\":\"id\",\"cellcid\":\"c3277\",\"element_styles_advanced\":\"\",\"element_styles_show_advanced_css\":0,\"element_styles_float\":\"\",\"element_styles_display\":\"\",\"element_styles_padding\":\"\",\"element_styles_margin\":\"\",\"element_styles_font-size\":\"\",\"element_styles_width\":\"\",\"element_styles_height\":\"\",\"element_styles_color\":\"\",\"element_styles_border-color\":\"\",\"element_styles_border-style\":\"\",\"element_styles_border\":\"\",\"element_styles_background-color\":\"\",\"label_styles_advanced\":\"\",\"label_styles_show_advanced_css\":0,\"label_styles_float\":\"\",\"label_styles_display\":\"\",\"label_styles_padding\":\"\",\"label_styles_margin\":\"\",\"label_styles_font-size\":\"\",\"label_styles_width\":\"\",\"label_styles_height\":\"\",\"label_styles_color\":\"\",\"label_styles_border-color\":\"\",\"label_styles_border-style\":\"\",\"label_styles_border\":\"\",\"label_styles_background-color\":\"\",\"wrap_styles_advanced\":\"\",\"wrap_styles_show_advanced_css\":0,\"wrap_styles_float\":\"\",\"wrap_styles_display\":\"\",\"wrap_styles_padding\":\"\",\"wrap_styles_margin\":\"\",\"wrap_styles_font-size\":\"\",\"wrap_styles_width\":\"\",\"wrap_styles_height\":\"\",\"wrap_styles_color\":\"\",\"wrap_styles_border-color\":\"\",\"wrap_styles_border-style\":\"\",\"wrap_styles_border\":\"\",\"wrap_styles_background-color\":\"\",\"custom_mask\":\"\",\"mask\":\"\",\"disable_browser_autocomplete\":\"\",\"desc_text\":\"\",\"help_text\":\"\",\"admin_label\":\"\",\"disable_input\":\"\",\"manual_key\":\"\",\"input_limit_msg\":\"Character(s) left\",\"input_limit_type\":\"characters\",\"input_limit\":\"\",\"container_class\":\"\",\"element_class\":\"\",\"default\":\"\",\"wrapper_class\":\"\",\"placeholder\":\"\",\"required\":1,\"label_pos\":\"above\",\"created_at\":\"2016-08-24 16:39:20\",\"type\":\"textbox\",\"key\":\"votre_nom_complet_requis_1633202114441\",\"label\":\"Votre nom complet (requis)\",\"field_label\":\"Votre nom complet (requis)\",\"field_key\":\"votre_nom_complet_requis_1633202114441\",\"custom_name_attribute\":\"\",\"personally_identifiable\":\"\",\"value\":\"\",\"id\":5,\"beforeField\":\"\",\"afterField\":\"\",\"parentType\":\"textbox\",\"element_templates\":[\"textbox\",\"input\"],\"old_classname\":\"\",\"wrap_template\":\"wrap\"},{\"objectType\":\"Field\",\"objectDomain\":\"fields\",\"editActive\":false,\"order\":2,\"idAttribute\":\"id\",\"cellcid\":\"c3281\",\"element_styles_advanced\":\"\",\"element_styles_show_advanced_css\":0,\"element_styles_float\":\"\",\"element_styles_display\":\"\",\"element_styles_margin\":\"\",\"element_styles_padding\":\"\",\"element_styles_font-size\":\"\",\"element_styles_width\":\"\",\"element_styles_height\":\"\",\"element_styles_color\":\"\",\"element_styles_border-color\":\"\",\"element_styles_border-style\":\"\",\"element_styles_border\":\"\",\"element_styles_background-color\":\"\",\"label_styles_advanced\":\"\",\"label_styles_show_advanced_css\":0,\"label_styles_display\":\"\",\"label_styles_float\":\"\",\"label_styles_padding\":\"\",\"label_styles_font-size\":\"\",\"label_styles_margin\":\"\",\"label_styles_width\":\"\",\"label_styles_height\":\"\",\"label_styles_color\":\"\",\"label_styles_border-color\":\"\",\"label_styles_border-style\":\"\",\"label_styles_border\":\"\",\"label_styles_background-color\":\"\",\"wrap_styles_advanced\":\"\",\"wrap_styles_show_advanced_css\":0,\"wrap_styles_float\":\"\",\"wrap_styles_display\":\"\",\"wrap_styles_padding\":\"\",\"wrap_styles_margin\":\"\",\"wrap_styles_font-size\":\"\",\"wrap_styles_width\":\"\",\"wrap_styles_height\":\"\",\"wrap_styles_color\":\"\",\"wrap_styles_border-color\":\"\",\"wrap_styles_border-style\":\"\",\"wrap_styles_border\":\"\",\"wrap_styles_background-color\":\"\",\"desc_text\":\"\",\"help_text\":\"\",\"admin_label\":\"\",\"container_class\":\"\",\"element_class\":\"\",\"wrapper_class\":\"\",\"default\":\"\",\"placeholder\":\"\",\"required\":1,\"label_pos\":\"above\",\"created_at\":\"2016-08-24 16:39:20\",\"type\":\"email\",\"key\":\"votre_courriel_requis_1633202163734\",\"label\":\"Votre courriel (requis)\",\"field_label\":\"Votre courriel (requis)\",\"field_key\":\"votre_courriel_requis_1633202163734\",\"custom_name_attribute\":\"email\",\"personally_identifiable\":1,\"value\":\"\",\"drawerDisabled\":\"\",\"id\":6,\"beforeField\":\"\",\"afterField\":\"\",\"parentType\":\"email\",\"element_templates\":[\"email\",\"input\"],\"old_classname\":\"\",\"wrap_template\":\"wrap\"},{\"objectType\":\"Field\",\"objectDomain\":\"fields\",\"editActive\":false,\"order\":3,\"idAttribute\":\"id\",\"label\":\"Sujet\",\"type\":\"firstname\",\"key\":\"sujet_1633202306275\",\"label_pos\":\"above\",\"required\":\"\",\"default\":\"\",\"placeholder\":\"\",\"container_class\":\"\",\"element_class\":\"\",\"admin_label\":\"\",\"help_text\":\"\",\"custom_name_attribute\":\"fname\",\"personally_identifiable\":1,\"value\":\"\",\"drawerDisabled\":\"\",\"field_label\":\"Sujet\",\"field_key\":\"sujet_1633202306275\",\"id\":7,\"beforeField\":\"\",\"afterField\":\"\",\"parentType\":\"firstname\",\"element_templates\":[\"firstname\",\"input\"],\"old_classname\":\"\",\"wrap_template\":\"wrap\"},{\"objectType\":\"Field\",\"objectDomain\":\"fields\",\"editActive\":false,\"order\":4,\"idAttribute\":\"id\",\"cellcid\":\"c3284\",\"element_styles_advanced\":\"\",\"element_styles_show_advanced_css\":0,\"element_styles_float\":\"\",\"element_styles_display\":\"\",\"element_styles_padding\":\"\",\"element_styles_margin\":\"\",\"element_styles_font-size\":\"\",\"element_styles_width\":\"\",\"element_styles_height\":\"\",\"element_styles_color\":\"\",\"element_styles_border-color\":\"\",\"element_styles_border-style\":\"\",\"element_styles_border\":\"\",\"element_styles_background-color\":\"\",\"label_styles_advanced\":\"\",\"label_styles_show_advanced_css\":0,\"label_styles_float\":\"\",\"label_styles_display\":\"\",\"label_styles_padding\":\"\",\"label_styles_margin\":\"\",\"label_styles_font-size\":\"\",\"label_styles_width\":\"\",\"label_styles_height\":\"\",\"label_styles_color\":\"\",\"label_styles_border-color\":\"\",\"label_styles_border-style\":\"\",\"label_styles_border\":\"\",\"label_styles_background-color\":\"\",\"wrap_styles_advanced\":\"\",\"wrap_styles_show_advanced_css\":0,\"wrap_styles_float\":\"\",\"wrap_styles_display\":\"\",\"wrap_styles_padding\":\"\",\"wrap_styles_margin\":\"\",\"wrap_styles_height\":\"\",\"wrap_styles_color\":\"\",\"wrap_styles_border-color\":\"\",\"wrap_styles_border-style\":\"\",\"wrap_styles_border\":\"\",\"wrap_styles_background-color\":\"\",\"textarea_media\":\"\",\"disable_rte_mobile\":\"\",\"textarea_rte\":\"\",\"disable_browser_autocomplete\":\"\",\"desc_text\":\"\",\"help_text\":\"\",\"admin_label\":\"\",\"disable_input\":\"\",\"manual_key\":\"\",\"input_limit_msg\":\"Character(s) left\",\"input_limit_type\":\"characters\",\"input_limit\":\"\",\"container_class\":\"\",\"element_class\":\"\",\"wrapper_class\":\"\",\"default\":\"\",\"placeholder\":\"\",\"required\":1,\"label_pos\":\"above\",\"created_at\":\"2016-08-24 16:39:20\",\"type\":\"textarea\",\"key\":\"message_ou_commentaire_requis_1633202191355\",\"label\":\"Message ou commentaire (requis)\",\"wrap_styles_font-size\":\"\",\"wrap_styles_width\":\"\",\"field_label\":\"Message ou commentaire (requis)\",\"field_key\":\"message_ou_commentaire_requis_1633202191355\",\"value\":\"\",\"drawerDisabled\":\"\",\"id\":8,\"beforeField\":\"\",\"afterField\":\"\",\"parentType\":\"textarea\",\"element_templates\":[\"textarea\",\"input\"],\"old_classname\":\"\",\"wrap_template\":\"wrap\"},{\"objectType\":\"Field\",\"objectDomain\":\"fields\",\"editActive\":false,\"order\":5,\"idAttribute\":\"id\",\"label\":\"Recaptcha\",\"type\":\"recaptcha\",\"container_class\":\"\",\"element_class\":\"\",\"size\":\"visible\",\"key\":\"recaptcha_1633207486574\",\"drawerDisabled\":\"\",\"field_label\":\"Recaptcha\",\"field_key\":\"recaptcha_1633207486574\",\"id\":9,\"beforeField\":\"\",\"afterField\":\"\",\"value\":\"\",\"label_pos\":\"above\",\"parentType\":\"textbox\",\"element_templates\":[\"recaptcha\",\"input\"],\"old_classname\":\"\",\"wrap_template\":\"wrap\",\"site_key\":\"6LcHaqscAAAAABk6vqZhDu5d5FjyuiYCNCmWLnvK\",\"theme\":\"light\",\"lang\":\"fr-CA\"},{\"objectType\":\"Field\",\"objectDomain\":\"fields\",\"editActive\":false,\"order\":6,\"idAttribute\":\"id\",\"cellcid\":\"c3287\",\"submit_element_hover_styles_advanced\":\"\",\"submit_element_hover_styles_show_advanced_css\":0,\"submit_element_hover_styles_float\":\"\",\"submit_element_hover_styles_display\":\"\",\"submit_element_hover_styles_padding\":\"\",\"submit_element_hover_styles_margin\":\"\",\"submit_element_hover_styles_font-size\":\"\",\"submit_element_hover_styles_width\":\"\",\"submit_element_hover_styles_height\":\"\",\"submit_element_hover_styles_color\":\"\",\"submit_element_hover_styles_border-color\":\"\",\"submit_element_hover_styles_border-style\":\"\",\"submit_element_hover_styles_border\":\"\",\"submit_element_hover_styles_background-color\":\"\",\"element_styles_advanced\":\"\",\"element_styles_show_advanced_css\":0,\"element_styles_float\":\"\",\"element_styles_display\":\"\",\"element_styles_padding\":\"\",\"element_styles_margin\":\"\",\"element_styles_font-size\":\"\",\"element_styles_width\":\"\",\"element_styles_height\":\"\",\"element_styles_color\":\"\",\"element_styles_border-color\":\"\",\"element_styles_border-style\":\"\",\"element_styles_border\":\"\",\"element_styles_background-color\":\"\",\"label_styles_advanced\":\"\",\"label_styles_show_advanced_css\":0,\"label_styles_float\":\"\",\"label_styles_display\":\"\",\"label_styles_padding\":\"\",\"label_styles_margin\":\"\",\"label_styles_font-size\":\"\",\"label_styles_width\":\"\",\"label_styles_height\":\"\",\"label_styles_color\":\"\",\"label_styles_border-color\":\"\",\"label_styles_border-style\":\"\",\"label_styles_border\":\"\",\"label_styles_background-color\":\"\",\"wrap_styles_advanced\":\"\",\"wrap_styles_show_advanced_css\":0,\"wrap_styles_float\":\"\",\"wrap_styles_display\":\"\",\"wrap_styles_padding\":\"\",\"wrap_styles_margin\":\"\",\"wrap_styles_font-size\":\"\",\"wrap_styles_width\":\"\",\"wrap_styles_height\":\"\",\"wrap_styles_color\":\"\",\"wrap_styles_border-color\":\"\",\"wrap_styles_border-style\":\"\",\"wrap_styles_border\":\"\",\"element_class\":\"\",\"container_class\":\"\",\"processing_label\":\"Processing\",\"created_at\":\"2016-08-24 16:39:20\",\"type\":\"submit\",\"key\":\"envoyer_1633202209823\",\"label\":\"Envoyer\",\"wrap_styles_background-color\":\"\",\"field_label\":\"Envoyer\",\"field_key\":\"envoyer_1633202209823\",\"id\":10,\"beforeField\":\"\",\"afterField\":\"\",\"value\":\"\",\"label_pos\":\"above\",\"parentType\":\"textbox\",\"element_templates\":[\"submit\",\"button\",\"input\"],\"old_classname\":\"\",\"wrap_template\":\"wrap-no-label\"}];nfForms.push(form);<\/script>","protected":false},"excerpt":{"rendered":"<p>\u00c9crivez-nous ou appelez-nous, on est \u00e0 l\u2019\u00e9coute Si vous avez des questions ou un projet immobilier d\u2019envergure pour lequel vous cherchez du financement, le mieux c\u2019est de communiquer avec nous. Par t\u00e9l\u00e9phone, par courriel ou par notre formulaire de contact. Nos heures de bureau Du lundi au vendredi de 9h \u00e0 17h Nos coordonn\u00e9es Courriel: &#8230; <a title=\"Contact us\" class=\"read-more\" href=\"https:\/\/effet-papillon-financement.com\/en_ca\/nous-contacter\/\" aria-label=\"More on Nous contacter\">Read more<\/a><\/p>","protected":false},"author":2,"featured_media":0,"parent":0,"menu_order":0,"comment_status":"closed","ping_status":"closed","template":"","meta":{"footnotes":""},"class_list":["post-23","page","type-page","status-publish"],"_links":{"self":[{"href":"https:\/\/effet-papillon-financement.com\/en_ca\/wp-json\/wp\/v2\/pages\/23","targetHints":{"allow":["GET"]}}],"collection":[{"href":"https:\/\/effet-papillon-financement.com\/en_ca\/wp-json\/wp\/v2\/pages"}],"about":[{"href":"https:\/\/effet-papillon-financement.com\/en_ca\/wp-json\/wp\/v2\/types\/page"}],"author":[{"embeddable":true,"href":"https:\/\/effet-papillon-financement.com\/en_ca\/wp-json\/wp\/v2\/users\/2"}],"replies":[{"embeddable":true,"href":"https:\/\/effet-papillon-financement.com\/en_ca\/wp-json\/wp\/v2\/comments?post=23"}],"version-history":[{"count":10,"href":"https:\/\/effet-papillon-financement.com\/en_ca\/wp-json\/wp\/v2\/pages\/23\/revisions"}],"predecessor-version":[{"id":168,"href":"https:\/\/effet-papillon-financement.com\/en_ca\/wp-json\/wp\/v2\/pages\/23\/revisions\/168"}],"wp:attachment":[{"href":"https:\/\/effet-papillon-financement.com\/en_ca\/wp-json\/wp\/v2\/media?parent=23"}],"curies":[{"name":"wp","href":"https:\/\/api.w.org\/{rel}","templated":true}]}}